{"id":3379,"date":"2020-10-29T16:56:27","date_gmt":"2020-10-29T15:56:27","guid":{"rendered":"https:\/\/www.dorif.it\/reperes\/?page_id=3379"},"modified":"2026-03-16T22:46:36","modified_gmt":"2026-03-16T21:46:36","slug":"direction-comite-de-redaction-et-politique-editoriale","status":"publish","type":"page","link":"https:\/\/www.dorif.it\/reperes\/direction-comite-de-redaction-et-politique-editoriale\/","title":{"rendered":"Direction, comit\u00e9 de r\u00e9daction et politique \u00e9ditoriale"},"content":{"rendered":"<div class=\"fusion-fullwidth fullwidth-box fusion-builder-row-1 fusion-flex-container nonhundred-percent-fullwidth non-hundred-percent-height-scrolling\" style=\"--awb-border-radius-top-left:0px;--awb-border-radius-top-right:0px;--awb-border-radius-bottom-right:0px;--awb-border-radius-bottom-left:0px;--awb-flex-wrap:wrap;\" ><div class=\"fusion-builder-row fusion-row fusion-flex-align-items-flex-start fusion-flex-content-wrap\" style=\"max-width:1216.8px;margin-left: calc(-4% \/ 2 );margin-right: calc(-4% \/ 2 );\"><div class=\"fusion-layout-column fusion_builder_column fusion-builder-column-0 fusion_builder_column_1_1 1_1 fusion-flex-column\" style=\"--awb-bg-size:cover;--awb-width-large:100%;--awb-margin-top-large:0px;--awb-spacing-right-large:1.92%;--awb-margin-bottom-large:20px;--awb-spacing-left-large:1.92%;--awb-width-medium:100%;--awb-order-medium:0;--awb-spacing-right-medium:1.92%;--awb-spacing-left-medium:1.92%;--awb-width-small:100%;--awb-order-small:0;--awb-spacing-right-small:1.92%;--awb-spacing-left-small:1.92%;\"><div class=\"fusion-column-wrapper fusion-column-has-shadow fusion-flex-justify-content-flex-start fusion-content-layout-column\"><div class=\"fusion-title title fusion-title-1 fusion-title-text fusion-title-size-four\" style=\"--awb-margin-bottom:0px;--awb-margin-top-small:0px;--awb-margin-right-small:0px;--awb-margin-bottom-small:20px;--awb-margin-left-small:0px;\"><div class=\"title-sep-container title-sep-container-left fusion-no-large-visibility fusion-no-medium-visibility fusion-no-small-visibility\"><div class=\"title-sep sep- sep-solid\" style=\"border-color:#e2e2e2;\"><\/div><\/div><span class=\"awb-title-spacer fusion-no-large-visibility fusion-no-medium-visibility fusion-no-small-visibility\"><\/span><h4 class=\"fusion-title-heading title-heading-left fusion-responsive-typography-calculated\" style=\"margin:0;--fontSize:15;--minFontSize:15;line-height:1.3;\"><h3 id=\"direction-et-comit\u00e9-de-r\u00e9dac\"><span style=\"color: #4a7fc2;\">Direction et Comit\u00e9 de R\u00e9daction<\/span><\/h3><\/h4><span class=\"awb-title-spacer\"><\/span><div class=\"title-sep-container title-sep-container-right\"><div class=\"title-sep sep- sep-solid\" style=\"border-color:#e2e2e2;\"><\/div><\/div><\/div><div class=\"fusion-builder-row fusion-builder-row-inner fusion-row fusion-flex-align-items-flex-start fusion-flex-content-wrap\" style=\"--awb-flex-grow:0;--awb-flex-grow-medium:0;--awb-flex-grow-small:0;--awb-flex-shrink:0;--awb-flex-shrink-medium:0;--awb-flex-shrink-small:0;width:104% !important;max-width:104% !important;margin-left: calc(-4% \/ 2 );margin-right: calc(-4% \/ 2 );\"><div class=\"fusion-layout-column fusion_builder_column_inner fusion-builder-nested-column-0 fusion_builder_column_inner_1_1 1_1 fusion-flex-column\" style=\"--awb-padding-right:20px;--awb-padding-left:20px;--awb-bg-size:cover;--awb-border-color:#dfedf4;--awb-border-left:4px;--awb-border-style:solid;--awb-width-large:100%;--awb-margin-top-large:0px;--awb-spacing-right-large:1.92%;--awb-margin-bottom-large:100px;--awb-spacing-left-large:1.92%;--awb-width-medium:100%;--awb-order-medium:0;--awb-spacing-right-medium:1.92%;--awb-spacing-left-medium:1.92%;--awb-width-small:100%;--awb-order-small:0;--awb-spacing-right-small:1.92%;--awb-spacing-left-small:1.92%;\"><div class=\"fusion-column-wrapper fusion-column-has-shadow fusion-flex-justify-content-flex-start fusion-content-layout-column\"><div class=\"fusion-text fusion-text-1\"><h4 id=\"direction-de-la-revue:\">Direction de la revue:<\/h4>\n<p style=\"padding-left: 40px;\">Danielle LONDEI (2012-2024)<\/p>\n<p style=\"padding-left: 40px;\">Marie-Christine JAMET (2024-)<\/p>\n<h4 id=\"le-comit\u00e9-de-r\u00e9daction:\">Le comit\u00e9 de r\u00e9daction:<\/h4>\n<p style=\"padding-left: 40px;\">Marie-Christine JAMET (Universit\u00e0 Ca&#8217; Foscari Venezia)<\/p>\n<p style=\"padding-left: 40px;\">Jana ALTMANOVA (Universit\u00e0 di Napoli L&#8217;Orientale)<\/p>\n<p style=\"padding-left: 40px;\">Francesco ATTRUIA (Universit\u00e0 di Pisa)<\/p>\n<p style=\"padding-left: 40px;\">Giulia D\u2019ANDREA (Universit\u00e0 del Salento)<\/p>\n<p style=\"padding-left: 40px;\">Ruggero DRUETTA (Universit\u00e0 di Torino)<\/p>\n<p style=\"padding-left: 40px;\">Enrica GALAZZI (Universit\u00e0 Cattolica del Sacro Cuore di Milano)<\/p>\n<p style=\"padding-left: 40px;\">Nora GATTIGLIA (Universit\u00e0 di Genova)<\/p>\n<p style=\"padding-left: 40px;\">Yannick HAMON (Universit\u00e0 Ca&#8217; Foscari Venezia)<\/p>\n<p style=\"padding-left: 40px;\">Chiara PREITE (Universit\u00e0 di Modena e Reggio Emilia)<\/p>\n<p style=\"padding-left: 40px;\">Micaela ROSSI (Universit\u00e0 di Genova)<\/p>\n<p style=\"padding-left: 40px;\">Laura SANTONE (Universit\u00e0 di Roma Tre)<\/p>\n<p style=\"padding-left: 40px;\">Loredana TROVATO (Universit\u00e0 di Messina)<\/p>\n<\/div><\/div><\/div><\/div><div class=\"fusion-title title fusion-title-2 fusion-title-text fusion-title-size-four\" style=\"--awb-margin-bottom:0px;--awb-margin-top-small:0px;--awb-margin-right-small:0px;--awb-margin-bottom-small:20px;--awb-margin-left-small:0px;\"><div class=\"title-sep-container title-sep-container-left fusion-no-large-visibility fusion-no-medium-visibility fusion-no-small-visibility\"><div class=\"title-sep sep- sep-solid\" style=\"border-color:#e2e2e2;\"><\/div><\/div><span class=\"awb-title-spacer fusion-no-large-visibility fusion-no-medium-visibility fusion-no-small-visibility\"><\/span><h4 class=\"fusion-title-heading title-heading-left fusion-responsive-typography-calculated\" style=\"margin:0;--fontSize:15;--minFontSize:15;line-height:1.3;\"><h3 id=\"revue-rep\u00c8res\"><span style=\"color: #4a7fc2;\">Revue\u00a0<\/span><\/h3><\/h4><span class=\"awb-title-spacer\"><\/span><div class=\"title-sep-container title-sep-container-right\"><div class=\"title-sep sep- sep-solid\" style=\"border-color:#e2e2e2;\"><\/div><\/div><\/div><div class=\"fusion-builder-row fusion-builder-row-inner fusion-row fusion-flex-align-items-flex-start fusion-flex-content-wrap\" style=\"--awb-flex-grow:0;--awb-flex-grow-medium:0;--awb-flex-grow-small:0;--awb-flex-shrink:0;--awb-flex-shrink-medium:0;--awb-flex-shrink-small:0;width:104% !important;max-width:104% !important;margin-left: calc(-4% \/ 2 );margin-right: calc(-4% \/ 2 );\"><div class=\"fusion-layout-column fusion_builder_column_inner fusion-builder-nested-column-1 fusion_builder_column_inner_1_1 1_1 fusion-flex-column\" style=\"--awb-padding-right:20px;--awb-padding-left:20px;--awb-bg-size:cover;--awb-border-color:#dfedf4;--awb-border-left:4px;--awb-border-style:solid;--awb-width-large:100%;--awb-margin-top-large:0px;--awb-spacing-right-large:1.92%;--awb-margin-bottom-large:100px;--awb-spacing-left-large:1.92%;--awb-width-medium:100%;--awb-order-medium:0;--awb-spacing-right-medium:1.92%;--awb-spacing-left-medium:1.92%;--awb-width-small:100%;--awb-order-small:0;--awb-spacing-right-small:1.92%;--awb-spacing-left-small:1.92%;\"><div class=\"fusion-column-wrapper fusion-column-has-shadow fusion-flex-justify-content-flex-start fusion-content-layout-column\"><div class=\"fusion-text fusion-text-2\"><p>Suite \u00e0 l\u2019insertion de notre revue associative en classe A, le nombre des propositions de num\u00e9ros a consid\u00e9rablement augment\u00e9. Par cons\u00e9quent, le comit\u00e9 scientifique a d\u00e9cid\u00e9 d\u2019instaurer deux appels \u00e0 propositions annuels, au 15 d\u00e9cembre et au 15 juin de chaque ann\u00e9e, suivis d\u2019une s\u00e9lection le cas \u00e9ch\u00e9ant.<\/p>\n<p><strong>Propositions de num\u00e9ro<\/strong><\/p>\n<p>La personne qui souhaite pr\u00e9senter une proposition de coordination d\u2019ouvrage est pri\u00e9e de remplir un formulaire t\u00e9l\u00e9chargeable sur le site de la revue et de le renvoyer sur la boite postale : reperesdorif@gmail.com.<\/p>\n<p><img fetchpriority=\"high\" decoding=\"async\" class=\"aligncenter wp-image-13056 size-full\" src=\"https:\/\/www.dorif.it\/reperes\/wp-content\/uploads\/2026\/03\/criterio-.jpg\" alt=\"\" width=\"663\" height=\"173\" srcset=\"https:\/\/www.dorif.it\/reperes\/wp-content\/uploads\/2026\/03\/criterio--200x52.jpg 200w, https:\/\/www.dorif.it\/reperes\/wp-content\/uploads\/2026\/03\/criterio--300x78.jpg 300w, https:\/\/www.dorif.it\/reperes\/wp-content\/uploads\/2026\/03\/criterio--400x104.jpg 400w, https:\/\/www.dorif.it\/reperes\/wp-content\/uploads\/2026\/03\/criterio--600x157.jpg 600w, https:\/\/www.dorif.it\/reperes\/wp-content\/uploads\/2026\/03\/criterio-.jpg 663w\" sizes=\"(max-width: 663px) 100vw, 663px\" \/><\/p>\n<p>La proposition sera examin\u00e9e par des membres du comit\u00e9 scientifique de la revue, par des experts de la th\u00e9matique membres du DoRiF, par des experts externes le cas \u00e9ch\u00e9ant.<\/p>\n<p>Si la proposition est accept\u00e9e, une date approximative de publication sera propos\u00e9e. Le d\u00e9lai peut \u00eatre de deux ans suivant l\u2019acceptation.<\/p>\n<p>Pour tous les num\u00e9ros accept\u00e9s, un appel \u00e0 communications pourra \u00eatre lanc\u00e9, suivi d\u2019une s\u00e9lection des articles avec double lecture aveugle.<\/p>\n<p>En cas de coordination avec une institution \u00e9trang\u00e8re, le num\u00e9ro pourra \u00eatre propos\u00e9 comme un hors-s\u00e9rie. Les hors-s\u00e9rie contiennent une rubrique \u00ab\u00a0Tout le reste est litt\u00e9rature\u00a0\u00bb dont le contenu est assur\u00e9 par la R\u00e9daction.<\/p>\n<p><strong>Coordination du num\u00e9ro<\/strong><\/p>\n<p>Le coordinateur se charge de trouver deux \u00e9valuateurs pour la validation de chaque article.<\/p>\n<ul>\n<li>a) Les \u00e9valuateurs sont choisis dans la communaut\u00e9 scientifique internationale (hormis les membres du comit\u00e9 de r\u00e9daction de la revue).<\/li>\n<li>b) En cas d\u2019\u00e9valuations discordantes une troisi\u00e8me relecture est pr\u00e9vue par le coordinateur et\/ou par le comit\u00e9 de r\u00e9daction.<\/li>\n<\/ul>\n<p>Le coordinateur envoie au comit\u00e9 de r\u00e9daction les articles d\u00e9finitifs avec les \u00e9valuations.<\/p>\n<p>Il est demand\u00e9 d\u2019indiquer le nombre de mots de chaque article (hors bibliographie).<\/p>\n<p>Le fascicule complet (texte, index, image de couverture) doit \u00eatre pr\u00e9sent\u00e9 20\/30 jours avant la date pr\u00e9vue de publication en ligne.<\/p>\n<p><strong>Proposition d\u2019articles dans la section \u00ab\u00a0Varia\u00a0\u00bb<\/strong><\/p>\n<p>Tout chercheur peut soumettre un article \u00e0 publier dans la section Varia d\u2019un num\u00e9ro.<\/p>\n<p>Le comit\u00e9 scientifique attribuera l\u2019article \u00e0 des relecteurs pour une lecture en double aveugle et si l\u2019article est accept\u00e9, proposera un num\u00e9ro o\u00f9 pourra s\u2019ins\u00e9rer l\u2019article. Le d\u00e9lai peut d\u00e9passer un an.<\/p>\n<p><strong>Langues<\/strong><\/p>\n<p>La revue publie prioritairement en fran\u00e7ais et en italien, mais aussi dans les langues romanes et en anglais, avec deux r\u00e9sum\u00e9s, l\u2019un en anglais et l\u2019autre en fran\u00e7ais ou en italien.<strong>\u00a0<\/strong><\/p>\n<p><strong>Normes de r\u00e9daction<\/strong>\u00a0: voir onglet sp\u00e9cifique.<\/p>\n<\/div><\/div><\/div><\/div><div class=\"fusion-title title fusion-title-3 fusion-title-text fusion-title-size-four\" style=\"--awb-margin-bottom:0px;--awb-margin-top-small:0px;--awb-margin-right-small:0px;--awb-margin-bottom-small:20px;--awb-margin-left-small:0px;\"><div class=\"title-sep-container title-sep-container-left fusion-no-large-visibility fusion-no-medium-visibility fusion-no-small-visibility\"><div class=\"title-sep sep- sep-solid\" style=\"border-color:#e2e2e2;\"><\/div><\/div><span class=\"awb-title-spacer fusion-no-large-visibility fusion-no-medium-visibility fusion-no-small-visibility\"><\/span><h4 class=\"fusion-title-heading title-heading-left fusion-responsive-typography-calculated\" style=\"margin:0;--fontSize:15;--minFontSize:15;line-height:1.3;\"><h3 id=\"editorial-policy-of-the-journa\"><span style=\"color: #4a7fc2;\">Editorial policy<\/span><\/h3><\/h4><span class=\"awb-title-spacer\"><\/span><div class=\"title-sep-container title-sep-container-right\"><div class=\"title-sep sep- sep-solid\" style=\"border-color:#e2e2e2;\"><\/div><\/div><\/div><div class=\"fusion-builder-row fusion-builder-row-inner fusion-row fusion-flex-align-items-flex-start fusion-flex-content-wrap\" style=\"--awb-flex-grow:0;--awb-flex-grow-medium:0;--awb-flex-grow-small:0;--awb-flex-shrink:0;--awb-flex-shrink-medium:0;--awb-flex-shrink-small:0;width:104% !important;max-width:104% !important;margin-left: calc(-4% \/ 2 );margin-right: calc(-4% \/ 2 );\"><div class=\"fusion-layout-column fusion_builder_column_inner fusion-builder-nested-column-2 fusion_builder_column_inner_1_1 1_1 fusion-flex-column\" style=\"--awb-padding-right:20px;--awb-padding-left:20px;--awb-bg-size:cover;--awb-border-color:#dfedf4;--awb-border-left:4px;--awb-border-style:solid;--awb-width-large:100%;--awb-margin-top-large:0px;--awb-spacing-right-large:1.92%;--awb-margin-bottom-large:100px;--awb-spacing-left-large:1.92%;--awb-width-medium:100%;--awb-order-medium:0;--awb-spacing-right-medium:1.92%;--awb-spacing-left-medium:1.92%;--awb-width-small:100%;--awb-order-small:0;--awb-spacing-right-small:1.92%;--awb-spacing-left-small:1.92%;\"><div class=\"fusion-column-wrapper fusion-column-has-shadow fusion-flex-justify-content-flex-start fusion-content-layout-column\"><div class=\"fusion-text fusion-text-3\"><p>Title : Rep\u00e8res-Dorif<\/p>\n<p>Subtitle : Autour du fran\u00e7ais: langues, cultures et plurilinguisme<\/p>\n<p>eISSN : 2281-3020<\/p>\n<p>Periodicity : four-monthly<\/p>\n<p id=\"year-of-creation-:-2012\">Year of creation : 2012<\/p>\n<p>Editor : Dorif-Universit\u00e0 Via Dal Luzzo n. 3 &#8211; 40125 Bologna (BO)<\/p>\n<p>Rep\u00e8res-DoRiF is indexed in the DOAJ and ERIH PLUS directories<span style=\"color: #ffffff;\">&#8230;<\/span><\/p>\n<p><strong>Dissemination policy<\/strong><\/p>\n<p>Open access publication. The dissemination policy is in accordance with the Budapest Open Access Initiative\u2019s definition of Open Access.<\/p>\n<p id=\"open-access-policies-0\"><strong>Open access policies<\/strong><\/p>\n<p>Our journal adopts a Creative Commons policy CC BY-NC-ND 3.0<\/p>\n<p>You are allowed to:<\/p>\n<p>Share \u2013 copy, distribute and communicate the material by any means and in any format.<br \/>\nThe Licensor may not withdraw the permissions granted by the licence as long as you apply the terms of this licence.<\/p>\n<p>Under the following conditions:<\/p>\n<p>Attribution \u2013 You must credit the Work, incorporate a link to the licence and indicate whether any modifications have been made to the Work. You must indicate this information by all reasonable means, without suggesting that the Licensor endorses you or the way you have used the Work.<\/p>\n<p>No Commercial Use \u2013 You may not make any commercial use of this Work, or any part of the material comprising it.<\/p>\n<p>No Modifications \u2013 In the event that you remix, transform, or create from the material comprising the original Work, you may not distribute or make available the modified Work.<strong>\u00a0<\/strong><\/p>\n<p><strong>Publication Fee Policy<\/strong><\/p>\n<p>Submission fee: none<\/p>\n<p>Publication fee: none<strong>\u00a0<\/strong><\/p>\n<p><strong>Evaluation policy <\/strong><\/p>\n<p>(see Publication ethics and malpractice statement for more details)<\/p>\n<p>Evaluation process: double-blind evaluation<\/p>\n<p>Average time from submission to publication: 8 weeks<\/p>\n<\/div><\/div><\/div><\/div><\/div><\/div><\/div><\/div>\n","protected":false},"excerpt":{"rendered":"","protected":false},"author":2,"featured_media":0,"parent":0,"menu_order":0,"comment_status":"closed","ping_status":"closed","template":"","meta":{"_acf_changed":false,"_bbp_topic_count":0,"_bbp_reply_count":0,"_bbp_total_topic_count":0,"_bbp_total_reply_count":0,"_bbp_voice_count":0,"_bbp_anonymous_reply_count":0,"_bbp_topic_count_hidden":0,"_bbp_reply_count_hidden":0,"_bbp_forum_subforum_count":0,"footnotes":""},"class_list":["post-3379","page","type-page","status-publish","hentry"],"acf":[],"yoast_head":"<!-- This site is optimized with the Yoast SEO plugin v27.3 - https:\/\/yoast.com\/product\/yoast-seo-wordpress\/ -->\n<title>Direction, comit\u00e9 de r\u00e9daction et politique \u00e9ditoriale - Rep\u00e8res-Dorif<\/title>\n<meta name=\"robots\" content=\"index, follow, max-snippet:-1, max-image-preview:large, max-video-preview:-1\" \/>\n<link rel=\"canonical\" href=\"https:\/\/www.dorif.it\/reperes\/direction-comite-de-redaction-et-politique-editoriale\/\" \/>\n<meta property=\"og:locale\" content=\"it_IT\" \/>\n<meta property=\"og:type\" content=\"article\" \/>\n<meta property=\"og:title\" content=\"Direction, comit\u00e9 de r\u00e9daction et politique \u00e9ditoriale - Rep\u00e8res-Dorif\" \/>\n<meta property=\"og:url\" content=\"https:\/\/www.dorif.it\/reperes\/direction-comite-de-redaction-et-politique-editoriale\/\" \/>\n<meta property=\"og:site_name\" content=\"Rep\u00e8res-Dorif\" \/>\n<meta property=\"article:modified_time\" content=\"2026-03-16T21:46:36+00:00\" \/>\n<meta property=\"og:image\" content=\"https:\/\/www.dorif.it\/reperes\/wp-content\/uploads\/2026\/03\/criterio-.jpg\" \/>\n\t<meta property=\"og:image:width\" content=\"663\" \/>\n\t<meta property=\"og:image:height\" content=\"173\" \/>\n\t<meta property=\"og:image:type\" content=\"image\/jpeg\" \/>\n<meta name=\"twitter:card\" content=\"summary_large_image\" \/>\n<meta name=\"twitter:label1\" content=\"Tempo di lettura stimato\" \/>\n\t<meta name=\"twitter:data1\" content=\"5 minuti\" \/>\n<script type=\"application\/ld+json\" class=\"yoast-schema-graph\">{\"@context\":\"https:\\\/\\\/schema.org\",\"@graph\":[{\"@type\":\"WebPage\",\"@id\":\"https:\\\/\\\/www.dorif.it\\\/reperes\\\/direction-comite-de-redaction-et-politique-editoriale\\\/\",\"url\":\"https:\\\/\\\/www.dorif.it\\\/reperes\\\/direction-comite-de-redaction-et-politique-editoriale\\\/\",\"name\":\"Direction, comit\u00e9 de r\u00e9daction et politique \u00e9ditoriale - Rep\u00e8res-Dorif\",\"isPartOf\":{\"@id\":\"https:\\\/\\\/www.dorif.it\\\/reperes\\\/#website\"},\"primaryImageOfPage\":{\"@id\":\"https:\\\/\\\/www.dorif.it\\\/reperes\\\/direction-comite-de-redaction-et-politique-editoriale\\\/#primaryimage\"},\"image\":{\"@id\":\"https:\\\/\\\/www.dorif.it\\\/reperes\\\/direction-comite-de-redaction-et-politique-editoriale\\\/#primaryimage\"},\"thumbnailUrl\":\"https:\\\/\\\/www.dorif.it\\\/reperes\\\/wp-content\\\/uploads\\\/2026\\\/03\\\/criterio-.jpg\",\"datePublished\":\"2020-10-29T15:56:27+00:00\",\"dateModified\":\"2026-03-16T21:46:36+00:00\",\"breadcrumb\":{\"@id\":\"https:\\\/\\\/www.dorif.it\\\/reperes\\\/direction-comite-de-redaction-et-politique-editoriale\\\/#breadcrumb\"},\"inLanguage\":\"it-IT\",\"potentialAction\":[{\"@type\":\"ReadAction\",\"target\":[\"https:\\\/\\\/www.dorif.it\\\/reperes\\\/direction-comite-de-redaction-et-politique-editoriale\\\/\"]}]},{\"@type\":\"ImageObject\",\"inLanguage\":\"it-IT\",\"@id\":\"https:\\\/\\\/www.dorif.it\\\/reperes\\\/direction-comite-de-redaction-et-politique-editoriale\\\/#primaryimage\",\"url\":\"https:\\\/\\\/www.dorif.it\\\/reperes\\\/wp-content\\\/uploads\\\/2026\\\/03\\\/criterio-.jpg\",\"contentUrl\":\"https:\\\/\\\/www.dorif.it\\\/reperes\\\/wp-content\\\/uploads\\\/2026\\\/03\\\/criterio-.jpg\",\"width\":663,\"height\":173},{\"@type\":\"BreadcrumbList\",\"@id\":\"https:\\\/\\\/www.dorif.it\\\/reperes\\\/direction-comite-de-redaction-et-politique-editoriale\\\/#breadcrumb\",\"itemListElement\":[{\"@type\":\"ListItem\",\"position\":1,\"name\":\"Home\",\"item\":\"https:\\\/\\\/www.dorif.it\\\/reperes\\\/\"},{\"@type\":\"ListItem\",\"position\":2,\"name\":\"Direction, comit\u00e9 de r\u00e9daction et politique \u00e9ditoriale\"}]},{\"@type\":\"WebSite\",\"@id\":\"https:\\\/\\\/www.dorif.it\\\/reperes\\\/#website\",\"url\":\"https:\\\/\\\/www.dorif.it\\\/reperes\\\/\",\"name\":\"Rep\u00e8res-Dorif\",\"description\":\"Autor du Fran\u00e7ais: langues, cultures et plurilinguisme\",\"potentialAction\":[{\"@type\":\"SearchAction\",\"target\":{\"@type\":\"EntryPoint\",\"urlTemplate\":\"https:\\\/\\\/www.dorif.it\\\/reperes\\\/?s={search_term_string}\"},\"query-input\":{\"@type\":\"PropertyValueSpecification\",\"valueRequired\":true,\"valueName\":\"search_term_string\"}}],\"inLanguage\":\"it-IT\"}]}<\/script>\n<!-- \/ Yoast SEO plugin. -->","yoast_head_json":{"title":"Direction, comit\u00e9 de r\u00e9daction et politique \u00e9ditoriale - Rep\u00e8res-Dorif","robots":{"index":"index","follow":"follow","max-snippet":"max-snippet:-1","max-image-preview":"max-image-preview:large","max-video-preview":"max-video-preview:-1"},"canonical":"https:\/\/www.dorif.it\/reperes\/direction-comite-de-redaction-et-politique-editoriale\/","og_locale":"it_IT","og_type":"article","og_title":"Direction, comit\u00e9 de r\u00e9daction et politique \u00e9ditoriale - Rep\u00e8res-Dorif","og_url":"https:\/\/www.dorif.it\/reperes\/direction-comite-de-redaction-et-politique-editoriale\/","og_site_name":"Rep\u00e8res-Dorif","article_modified_time":"2026-03-16T21:46:36+00:00","og_image":[{"width":663,"height":173,"url":"https:\/\/www.dorif.it\/reperes\/wp-content\/uploads\/2026\/03\/criterio-.jpg","type":"image\/jpeg"}],"twitter_card":"summary_large_image","twitter_misc":{"Tempo di lettura stimato":"5 minuti"},"schema":{"@context":"https:\/\/schema.org","@graph":[{"@type":"WebPage","@id":"https:\/\/www.dorif.it\/reperes\/direction-comite-de-redaction-et-politique-editoriale\/","url":"https:\/\/www.dorif.it\/reperes\/direction-comite-de-redaction-et-politique-editoriale\/","name":"Direction, comit\u00e9 de r\u00e9daction et politique \u00e9ditoriale - Rep\u00e8res-Dorif","isPartOf":{"@id":"https:\/\/www.dorif.it\/reperes\/#website"},"primaryImageOfPage":{"@id":"https:\/\/www.dorif.it\/reperes\/direction-comite-de-redaction-et-politique-editoriale\/#primaryimage"},"image":{"@id":"https:\/\/www.dorif.it\/reperes\/direction-comite-de-redaction-et-politique-editoriale\/#primaryimage"},"thumbnailUrl":"https:\/\/www.dorif.it\/reperes\/wp-content\/uploads\/2026\/03\/criterio-.jpg","datePublished":"2020-10-29T15:56:27+00:00","dateModified":"2026-03-16T21:46:36+00:00","breadcrumb":{"@id":"https:\/\/www.dorif.it\/reperes\/direction-comite-de-redaction-et-politique-editoriale\/#breadcrumb"},"inLanguage":"it-IT","potentialAction":[{"@type":"ReadAction","target":["https:\/\/www.dorif.it\/reperes\/direction-comite-de-redaction-et-politique-editoriale\/"]}]},{"@type":"ImageObject","inLanguage":"it-IT","@id":"https:\/\/www.dorif.it\/reperes\/direction-comite-de-redaction-et-politique-editoriale\/#primaryimage","url":"https:\/\/www.dorif.it\/reperes\/wp-content\/uploads\/2026\/03\/criterio-.jpg","contentUrl":"https:\/\/www.dorif.it\/reperes\/wp-content\/uploads\/2026\/03\/criterio-.jpg","width":663,"height":173},{"@type":"BreadcrumbList","@id":"https:\/\/www.dorif.it\/reperes\/direction-comite-de-redaction-et-politique-editoriale\/#breadcrumb","itemListElement":[{"@type":"ListItem","position":1,"name":"Home","item":"https:\/\/www.dorif.it\/reperes\/"},{"@type":"ListItem","position":2,"name":"Direction, comit\u00e9 de r\u00e9daction et politique \u00e9ditoriale"}]},{"@type":"WebSite","@id":"https:\/\/www.dorif.it\/reperes\/#website","url":"https:\/\/www.dorif.it\/reperes\/","name":"Rep\u00e8res-Dorif","description":"Autor du Fran\u00e7ais: langues, cultures et plurilinguisme","potentialAction":[{"@type":"SearchAction","target":{"@type":"EntryPoint","urlTemplate":"https:\/\/www.dorif.it\/reperes\/?s={search_term_string}"},"query-input":{"@type":"PropertyValueSpecification","valueRequired":true,"valueName":"search_term_string"}}],"inLanguage":"it-IT"}]}},"_links":{"self":[{"href":"https:\/\/www.dorif.it\/reperes\/wp-json\/wp\/v2\/pages\/3379","targetHints":{"allow":["GET"]}}],"collection":[{"href":"https:\/\/www.dorif.it\/reperes\/wp-json\/wp\/v2\/pages"}],"about":[{"href":"https:\/\/www.dorif.it\/reperes\/wp-json\/wp\/v2\/types\/page"}],"author":[{"embeddable":true,"href":"https:\/\/www.dorif.it\/reperes\/wp-json\/wp\/v2\/users\/2"}],"replies":[{"embeddable":true,"href":"https:\/\/www.dorif.it\/reperes\/wp-json\/wp\/v2\/comments?post=3379"}],"version-history":[{"count":83,"href":"https:\/\/www.dorif.it\/reperes\/wp-json\/wp\/v2\/pages\/3379\/revisions"}],"predecessor-version":[{"id":13065,"href":"https:\/\/www.dorif.it\/reperes\/wp-json\/wp\/v2\/pages\/3379\/revisions\/13065"}],"wp:attachment":[{"href":"https:\/\/www.dorif.it\/reperes\/wp-json\/wp\/v2\/media?parent=3379"}],"curies":[{"name":"wp","href":"https:\/\/api.w.org\/{rel}","templated":true}]}}