{"id":3381,"date":"2020-10-29T16:57:16","date_gmt":"2020-10-29T15:57:16","guid":{"rendered":"https:\/\/www.dorif.it\/reperes\/?page_id=3381"},"modified":"2026-03-16T17:04:21","modified_gmt":"2026-03-16T16:04:21","slug":"presentation-de-la-revue","status":"publish","type":"page","link":"https:\/\/www.dorif.it\/reperes\/presentation-de-la-revue\/","title":{"rendered":"Pr\u00e9sentation de la revue"},"content":{"rendered":"<div class=\"fusion-fullwidth fullwidth-box fusion-builder-row-1 fusion-flex-container nonhundred-percent-fullwidth non-hundred-percent-height-scrolling\" style=\"--awb-border-radius-top-left:0px;--awb-border-radius-top-right:0px;--awb-border-radius-bottom-right:0px;--awb-border-radius-bottom-left:0px;--awb-flex-wrap:wrap;\" ><div class=\"fusion-builder-row fusion-row fusion-flex-align-items-flex-start fusion-flex-content-wrap\" style=\"max-width:1216.8px;margin-left: calc(-4% \/ 2 );margin-right: calc(-4% \/ 2 );\"><div class=\"fusion-layout-column fusion_builder_column fusion-builder-column-0 fusion_builder_column_1_1 1_1 fusion-flex-column\" style=\"--awb-bg-size:cover;--awb-width-large:100%;--awb-margin-top-large:0px;--awb-spacing-right-large:1.92%;--awb-margin-bottom-large:20px;--awb-spacing-left-large:1.92%;--awb-width-medium:100%;--awb-order-medium:0;--awb-spacing-right-medium:1.92%;--awb-spacing-left-medium:1.92%;--awb-width-small:100%;--awb-order-small:0;--awb-spacing-right-small:1.92%;--awb-spacing-left-small:1.92%;\"><div class=\"fusion-column-wrapper fusion-column-has-shadow fusion-flex-justify-content-flex-start fusion-content-layout-column\"><div class=\"fusion-text fusion-text-1\"><h2 id=\"pr\u00e9sentation-de-la-revue\u00a0\" style=\"text-align: center;\">Pr\u00e9sentation de la revue<\/h2>\n<p><strong>\u00a0<\/strong><\/p>\n<p><em>Rep\u00e8res<\/em> est une revue en ligne \u2013 n\u00e9e en 2012 \u2013 \u00e9manation de l\u2019association Dorif-Universit\u00e0, <em>Centro di Documentazione e di Ricerca per la Didattica delle Lingua Francese<\/em> <em>nell\u2019Universit\u00e0 italiana <\/em>(<a href=\"http:\/\/www.dorif.it\">http:\/\/www.dorif.it<\/a>) cr\u00e9\u00e9e en 1983. Elle a voulu \u00eatre et est toujours le fil rouge politique, scientifique et culturel de l\u2019association, et elle rend compte des activit\u00e9s de recherche en linguistique et enseignement du fran\u00e7ais au sein des universit\u00e9s italiennes, en dialogue avec des coll\u00e8gues d\u2019autres pays, d\u2019autres langues, d\u2019autres disciplines, d\u2019autres institutions. C\u2019est \u00e9galement une revue civique et d\u00e9mocratique car tout chercheur universitaire est aussi enseignant et \u00e9ducateur et met sa r\u00e9flexion au service de l\u2019\u00ab\u00a0educazione linguistica\u00a0\u00bb et donc de la soci\u00e9t\u00e9.<\/p>\n<h3 id=\"une-revue-associative\"><em>Une revue associative<\/em><\/h3>\n<p>Une revue associative a des raisons d\u2019\u00eatre et des finalit\u00e9s qui la distinguent des revues sp\u00e9cialis\u00e9es, de celles d\u2019un centre de recherche, d\u2019une \u00e9cole, d\u2019une th\u00e9orie de r\u00e9f\u00e9rence ; mais elle se fait l\u2019interpr\u00e8te de ces diff\u00e9rentes entit\u00e9s, car son but principal est d\u2019offrir un lieu de r\u00e9ception et de stimulation de la recherche conduite par ses membres, reflet de leur sp\u00e9cificit\u00e9 et de leur diversit\u00e9. C\u2019est donc un lieu de connexion o\u00f9 la pluralit\u00e9 des membres de l\u2019association est un atout et o\u00f9 ceux-ci se reconnaissent dans des productions disciplinaires multiples, en mouvement, dont l\u2019objectif est de :<\/p>\n<ul>\n<li>savoir saisir les changements, l\u2019urgence et l\u2019importance des d\u00e9bats en cours de notre point de vue de linguistes ouverts \u00e0 l\u2019interdisciplinarit\u00e9, au nouvel humanisme que le plurilinguisme et la transculturalit\u00e9 v\u00e9hiculent\u00a0;<\/li>\n<li>rendre compte des discontinuit\u00e9s, des nouveaux crit\u00e8res philologiques et herm\u00e9neutiques, des d\u00e9bats qui animent les nouvelles disciplines entr\u00e9es dans notre champ, avec la conviction que tout se tient si nos approches savent maintenir un regard analytique et critique.<\/li>\n<\/ul>\n<h3 id=\"une-revue-plurielle\"><em>Une revue plurielle<\/em><\/h3>\n<p><em>Rep\u00e8res<\/em> est une revue qui est volontairement plurielle, plurilingue, pluriculturelle, o\u00f9 l\u2019on accepte de se confronter \u00e0 la complexit\u00e9 comme \u00e0 une n\u00e9cessit\u00e9 pour toute approche r\u00e9fl\u00e9chie et r\u00e9flexive. En effet le plurilinguisme et le pluriculturalisme constituent une toile de fond essentielle car ils sont une clef de compr\u00e9hension du monde o\u00f9 les langues s\u2019expriment ; les promouvoir permet de ne pas s\u2019en tenir \u00e0 une vision linguistico-culturelle dict\u00e9e par une pens\u00e9e unique. Nous faisons donc place \u00e0 la multiplicit\u00e9 des approches, \u00e0 la pluralit\u00e9 des langues, des discours, des codes, \u00e0 la diversit\u00e9 des cultures, avec la conviction de la n\u00e9cessit\u00e9 de cr\u00e9er une profonde culture interdisciplinaire.<\/p>\n<p><em>Rep\u00e8res<\/em> est une revue ouverte donc \u00e0 toute la communaut\u00e9 des chercheurs qui gravitent autour des membres de l\u2019Association. C\u2019est une caisse de r\u00e9sonance qui relate, analyse ce qui est en train de se faire dans les centres de recherches, les \u00e9coles doctorales, les d\u00e9partements de sp\u00e9cialit\u00e9 ou interdisciplinaires, les dispositifs de formation des enseignants, les centres linguistiques, les \u00e9coles, sur le th\u00e8me des langues et des cultures, mais \u00e9galement entre celles-ci et les autres champs disciplinaires.<\/p>\n<p>Ses grands th\u00e8mes, au fil des diff\u00e9rents num\u00e9ros, abordent les politiques linguistiques, les mutations universitaires, les \u00e9volutions soci\u00e9tales li\u00e9es aux langues et cultures, en cours en Italie mais \u00e9galement en Europe, en francophonie et ailleurs. La revue est donc un forum entre les \u00ab\u00a0Dorifien.ne.s\u00a0\u00bb, leurs partenaires, les institutions nationales et internationales avec lesquelles l\u2019association est impliqu\u00e9e. Elle cr\u00e9e ainsi des \u00ab\u00a0rep\u00e8res\u00a0\u00bb.<\/p>\n<h3 id=\"une-revue-\u00e9lectronique\"><em>Une revue \u00e9lectronique<\/em><\/h3>\n<p><em>Rep\u00e8res<\/em> est une revue \u00e9lectronique, gratuite et en libre acc\u00e8s. Elle publie au moins trois num\u00e9ros par an ainsi que des num\u00e9ros \u00ab\u00a0hors-s\u00e9rie\u00a0\u00bb dans le cadre de collaborations internationales.<\/p>\n<p>En 2023, la revue a \u00e9t\u00e9 ins\u00e9r\u00e9e par l\u2019Agence nationale d\u2019\u00e9valuation universitaire ANVUR en classe A, c\u2019est-\u00e0-dire parmi les revues d\u2019excellence. Elle est pr\u00e9sente dans les r\u00e9pertoires DOAJ et ERIH.<\/p>\n<\/div><div class=\"fusion-title title fusion-title-1 fusion-title-text fusion-title-size-one\" style=\"--awb-margin-bottom:0px;--awb-margin-top-small:0px;--awb-margin-right-small:0px;--awb-margin-bottom-small:20px;--awb-margin-left-small:0px;\"><div class=\"title-sep-container title-sep-container-left fusion-no-large-visibility fusion-no-medium-visibility fusion-no-small-visibility\"><div class=\"title-sep sep- sep-solid\" style=\"border-color:#e2e2e2;\"><\/div><\/div><span class=\"awb-title-spacer fusion-no-large-visibility fusion-no-medium-visibility fusion-no-small-visibility\"><\/span><h1 class=\"fusion-title-heading title-heading-left fusion-responsive-typography-calculated\" style=\"margin:0;--fontSize:32;line-height:1.14;\"><h3 id=\"--texte-de-fondation-de-la-rev\"><\/h3>\n<h2 id=\"texte-de-fondation-de-la-revue\" style=\"text-align: center;\"><span data-olk-copy-source=\"MessageBody\">Texte de fondation de la revue<\/span><\/h2><\/h1><span class=\"awb-title-spacer\"><\/span><div class=\"title-sep-container title-sep-container-right\"><div class=\"title-sep sep- sep-solid\" style=\"border-color:#e2e2e2;\"><\/div><\/div><\/div><div class=\"fusion-title title fusion-title-2 fusion-title-text fusion-title-size-one\" style=\"--awb-margin-bottom:0px;--awb-margin-top-small:0px;--awb-margin-right-small:0px;--awb-margin-bottom-small:20px;--awb-margin-left-small:0px;\"><div class=\"title-sep-container title-sep-container-left fusion-no-large-visibility fusion-no-medium-visibility fusion-no-small-visibility\"><div class=\"title-sep sep- sep-solid\" style=\"border-color:#e2e2e2;\"><\/div><\/div><span class=\"awb-title-spacer fusion-no-large-visibility fusion-no-medium-visibility fusion-no-small-visibility\"><\/span><h1 class=\"fusion-title-heading title-heading-left fusion-responsive-typography-calculated\" style=\"margin:0;--fontSize:32;line-height:1.14;\"><h3 id=\"pourquoi-une-revue-associative\"><span style=\"color: #4a7fc2;\">Pourquoi une revue associative DORIF?<\/span><\/h3><\/h1><span class=\"awb-title-spacer\"><\/span><div class=\"title-sep-container title-sep-container-right\"><div class=\"title-sep sep- sep-solid\" style=\"border-color:#e2e2e2;\"><\/div><\/div><\/div><div class=\"fusion-builder-row fusion-builder-row-inner fusion-row fusion-flex-align-items-flex-start fusion-flex-content-wrap\" style=\"--awb-flex-grow:0;--awb-flex-grow-medium:0;--awb-flex-grow-small:0;--awb-flex-shrink:0;--awb-flex-shrink-medium:0;--awb-flex-shrink-small:0;width:104% !important;max-width:104% !important;margin-left: calc(-4% \/ 2 );margin-right: calc(-4% \/ 2 );\"><div class=\"fusion-layout-column fusion_builder_column_inner fusion-builder-nested-column-0 fusion_builder_column_inner_1_1 1_1 fusion-flex-column\" style=\"--awb-padding-right:20px;--awb-padding-left:20px;--awb-bg-size:cover;--awb-border-color:#dfedf4;--awb-border-left:4px;--awb-border-style:solid;--awb-width-large:100%;--awb-margin-top-large:0px;--awb-spacing-right-large:1.92%;--awb-margin-bottom-large:100px;--awb-spacing-left-large:1.92%;--awb-width-medium:100%;--awb-order-medium:0;--awb-spacing-right-medium:1.92%;--awb-spacing-left-medium:1.92%;--awb-width-small:100%;--awb-order-small:0;--awb-spacing-right-small:1.92%;--awb-spacing-left-small:1.92%;\"><div class=\"fusion-column-wrapper fusion-column-has-shadow fusion-flex-justify-content-flex-start fusion-content-layout-column\"><div class=\"fusion-text fusion-text-2\"><p><em>Cette revue \u00e9mane de notre association Dorif-Universit\u00e0, Centro di Documentazione e di Ricerca per la Didattica delle Lingua Francese nell\u201dUniversit\u00e0 italiana (<a href=\"http:\/\/www.dorif.it\/\">http:\/\/www.dorif.it<\/a>) et c\u2019est partant de cette rampe de lancement qu\u2019en 2009, l\u2019actuel bureau de l\u2019association s\u2019est pos\u00e9 la question de l\u2019opportunit\u00e9 de se doter d\u2019une revue en ligne afin de renforcer son p\u00f4le de recherche et documentation au-del\u00e0 du site qui cr\u00e9e un lien constant entre les membres par la diffusion d\u2019informations ponctuelles, et de nos congr\u00e8s th\u00e9matiques biennaux qui font l\u2019objet de publications \u00e9ditoriales. Cette revue\u00a0serait\u00a0un\u00a0fil rouge politique, scientifique et culturel de notre association, elle\u00a0rendrait compte de nos activit\u00e9s pour l\u2019enseignement et la recherche \u201cautour du fran\u00e7ais\u201d au sein de nos universit\u00e9s en dialogue avec nos coll\u00e8gues d\u2019autres pays, d\u2019autres langues, d\u2019autres disciplines, d\u2019autres institutions; elle r\u00e9fl\u00e9chirait sur les politiques linguistiques,\u00a0les mutations \u00a0universitaires, les \u00e9volutions soci\u00e9tales quant aux \u201clangues et cultures\u201d,\u00a0en cours en Italie mais \u00e9galement en Europe, en francophonie et ailleurs. Bref, une revue qui serait aussi un forum de moyen terme entre nous, nos partenaires, les institutions nationales et internationales avec lesquelles nous sommes impliqu\u00e9s, qui nous fournisse des \u201cRep\u00e8res\u201d.<\/em><\/p>\n<p><em>Une revue associative a des raisons d\u2019\u00eatre et des finalit\u00e9s qui se distinguent des revues sp\u00e9cialis\u00e9es, de celles d\u2019un centre de recherche, d\u2019une \u00e9cole, d\u2019une th\u00e9orie de r\u00e9f\u00e9rence\u2026.et par sa composition, elle peut se faire l\u2019interpr\u00e8te de ces diff\u00e9rentes entit\u00e9s, car elle aura pour but principal celui d\u2019offrir un lieu de r\u00e9ception et de stimulation de la recherche en acte, de la recherche conduite par ses membres, reflet de leur sp\u00e9cificit\u00e9 et de leur diversit\u00e9.<\/em><\/p>\n<p><em>Un lieu de connexion \u00a0donc, o\u00f9 la pluralit\u00e9 de la composition de ses membres soit un atout et o\u00f9 ceux-ci se reconnaissent dans des productions disciplinaires multiples, en mouvement, et dont l\u2019objectif qualifiant serait de :<\/em><\/p>\n<ul>\n<li><em>savoir saisir les changements, l\u2019urgence et l\u2019importance des d\u00e9bats en cours de notre point de vue de linguistes ouverts \u00e0 l\u2019interdisciplinarit\u00e9, au nouvel humanisme que le plurilinguisme et la transculturalit\u00e9 v\u00e9hiculent;<\/em><\/li>\n<li><em>savoir \u00eatre attentifs aux discontinuit\u00e9s, aux nouveaux crit\u00e8res philologiques et herm\u00e9neutiques, aux d\u00e9bats qui animent les nouvelles disciplines qui entrent dans notre champ, avec la conviction que tout se tient si nos approches savent maintenir un regard analytique et critique;<\/em><\/li>\n<\/ul>\n<p><em>Nous optons r\u00e9solument pour accueillir plus d\u2019un savoir car notre engagement sera d\u2019impliquer nos membres pour qu\u2019ils aillent au-del\u00e0 de leur strict domaine de recherche personnel en participant \u00e0 une revue qui soit volontairement plurielle, plurilingue, pluriculturelle, une revue o\u00f9 l\u2019on accepte de se confronter \u00e0 la complexit\u00e9 comme \u00e0 une n\u00e9cessit\u00e9 pour toute approche r\u00e9fl\u00e9chie et r\u00e9flexive. Mais \u00e9galement, une revue civique et d\u00e9mocratique car tout chercheur universitaire est aussi enseignant et \u00e9ducateur mettant sa r\u00e9flexion au service de l\u2019\u201ceducazione linguistica\u201d.<\/em><\/p>\n<p><em>Cette revue nous refl\u00e9tera et devra refl\u00e9ter les autres. Elle relatera, analysera, ce qui est en train de se faire dans les centres de recherches, dans les \u00e9coles doctorales, les d\u00e9partements sp\u00e9cialistes ou interdisciplinaires, les dispositifs de formation des enseignants, les centres linguistiques, les \u00e9coles, autour des langues et des cultures, mais \u00e9galement entre celles-ci et les autres champs disciplinaires.<\/em><\/p>\n<p><em>Le plurilinguisme et le pluriculturalisme seront une toile de fond car ils sont une clef de compr\u00e9hension du monde o\u00f9 les langues s\u2019expriment; les promouvoir permet de ne pas s\u2019en tenir \u00e0 une vision linguistico-culturelle dict\u00e9e par une pens\u00e9e unique. Nous r\u00e9pondrons \u00e0 cette tendance r\u00e9ductive en faisant place \u00e0 la multiplicit\u00e9 des approches, \u00e0 la pluralit\u00e9 des langues, des discours, des codes, \u00e0 la diversit\u00e9 des cultures, avec la conviction de la n\u00e9cessit\u00e9 de cr\u00e9er une profonde culture interdisciplinaire.<\/em><\/p>\n<p><em>Tel est le focus sur lequel nous pointerons notre attention, telle est notre identit\u00e9 associative gr\u00e2ce \u00e0 sa capacit\u00e9, au cours de ces vingt-sept ann\u00e9es de vie, d\u2019\u00eatre attentive, r\u00e9ceptive, propositive, analytique, critique, ouverte aux d\u00e9bats, bref, libre dans ses choix et ses orientations et respectueuse de l\u2019autonomie de chacun.<\/em><\/p>\n<\/div><\/div><\/div><\/div><div class=\"fusion-text fusion-text-3\"><p><span style=\"color: #5e5e5e;\">La revue \u00e9lectronique Rep\u00e8res-DORIF, \u00e9dit\u00e9e par l\u2019association DoRiF-Universit\u00e0, se situe dans le cadre du dialogue entre enseignants-chercheurs en Italie et dans l\u2019espace francophone. Sa politique \u00e9ditoriale est d\u2019encourager la collaboration de sp\u00e9cialistes d\u2019origines et de domaines diff\u00e9rents avec l\u2019association DORIF-Universit\u00e0. La revue pourra proposer des appels \u00e0 contributions ou publier des travaux coordonn\u00e9s par des Dorifiens.<\/span><\/p>\n<p><span style=\"color: #5e5e5e;\">La revue est le prolongement naturel de l\u2019activit\u00e9 de l\u2019association en particulier par l\u2019implication volontaire des membres de ses groupes de recherche.<\/span><\/p>\n<p><span style=\"color: #5e5e5e;\">Elle se veut aussi un moyen de diffusion des travaux de jeunes chercheurs dans le cadre de la recherche italo-francophone.<\/span><\/p>\n<p><span style=\"color: #5e5e5e;\">Cette revue \u00e9lectronique est gratuite et en libre acc\u00e8s. Elle sera publi\u00e9e avec une p\u00e9riodicit\u00e9 de trois num\u00e9ros par an. La revue publie \u00e9galement des num\u00e9ros \u201chors-s\u00e9rie\u201d dans le cadre de collaborations internationales.<\/span><\/p>\n<p><span style=\"color: #5e5e5e;\">Elle publie des articles originaux prioritairement en fran\u00e7ais et en italien, mais aussi dans les langues romanes et en anglais avec deux r\u00e9sum\u00e9s, un en anglais et un dans une langue romane autre que celle de l\u2019article.<\/span><\/p>\n<p><span style=\"color: #5e5e5e;\">Le Comit\u00e9 fondateur de la revue : Mathilde Anquetil, Monica Barsi, Ruggero Druetta, Marie-Christine Jullion, Danielle Londei, Marie France Merger, Paola Puccini, Micaela Rossi.<\/span><\/p>\n<p><span style=\"color: #5e5e5e;\">La r\u00e9alisation de cette revue en ligne a \u00e9t\u00e9 possible gr\u00e2ce \u00e0 la collaboration avec le groupe de recherche F@rum.<\/span><\/p>\n<p>La rivista \u00e8 presente nei repertori DOAJ (<a href=\"https:\/\/doaj.org\/\">Directory of Open Access Journals \u2013 DOAJ<\/a>) e ERIH (<a href=\"https:\/\/kanalregister.hkdir.no\/publiseringskanaler\/erihplus\/\">Search | ERIH PLUS (hkdir.no)<\/a>) ed ha ottenuto a dicembre 2023 il riconoscimento nella fascia A di ANVUR per l&#8217;area 10 settore 10\/H1.<\/p>\n<\/div><\/div><\/div><\/div><\/div>\n","protected":false},"excerpt":{"rendered":"","protected":false},"author":2,"featured_media":0,"parent":0,"menu_order":0,"comment_status":"closed","ping_status":"closed","template":"","meta":{"_acf_changed":false,"_bbp_topic_count":0,"_bbp_reply_count":0,"_bbp_total_topic_count":0,"_bbp_total_reply_count":0,"_bbp_voice_count":0,"_bbp_anonymous_reply_count":0,"_bbp_topic_count_hidden":0,"_bbp_reply_count_hidden":0,"_bbp_forum_subforum_count":0,"footnotes":""},"class_list":["post-3381","page","type-page","status-publish","hentry"],"acf":[],"yoast_head":"<!-- This site is optimized with the Yoast SEO plugin v27.3 - https:\/\/yoast.com\/product\/yoast-seo-wordpress\/ -->\n<title>Pr\u00e9sentation de la revue - Rep\u00e8res-Dorif<\/title>\n<meta name=\"robots\" content=\"index, follow, max-snippet:-1, max-image-preview:large, max-video-preview:-1\" \/>\n<link rel=\"canonical\" href=\"https:\/\/www.dorif.it\/reperes\/presentation-de-la-revue\/\" \/>\n<meta property=\"og:locale\" content=\"it_IT\" \/>\n<meta property=\"og:type\" content=\"article\" \/>\n<meta property=\"og:title\" content=\"Pr\u00e9sentation de la revue - Rep\u00e8res-Dorif\" \/>\n<meta property=\"og:url\" content=\"https:\/\/www.dorif.it\/reperes\/presentation-de-la-revue\/\" \/>\n<meta property=\"og:site_name\" content=\"Rep\u00e8res-Dorif\" \/>\n<meta property=\"article:modified_time\" content=\"2026-03-16T16:04:21+00:00\" \/>\n<meta name=\"twitter:card\" content=\"summary_large_image\" \/>\n<meta name=\"twitter:label1\" content=\"Tempo di lettura stimato\" \/>\n\t<meta name=\"twitter:data1\" content=\"8 minuti\" \/>\n<script type=\"application\/ld+json\" class=\"yoast-schema-graph\">{\"@context\":\"https:\\\/\\\/schema.org\",\"@graph\":[{\"@type\":\"WebPage\",\"@id\":\"https:\\\/\\\/www.dorif.it\\\/reperes\\\/presentation-de-la-revue\\\/\",\"url\":\"https:\\\/\\\/www.dorif.it\\\/reperes\\\/presentation-de-la-revue\\\/\",\"name\":\"Pr\u00e9sentation de la revue - Rep\u00e8res-Dorif\",\"isPartOf\":{\"@id\":\"https:\\\/\\\/www.dorif.it\\\/reperes\\\/#website\"},\"datePublished\":\"2020-10-29T15:57:16+00:00\",\"dateModified\":\"2026-03-16T16:04:21+00:00\",\"breadcrumb\":{\"@id\":\"https:\\\/\\\/www.dorif.it\\\/reperes\\\/presentation-de-la-revue\\\/#breadcrumb\"},\"inLanguage\":\"it-IT\",\"potentialAction\":[{\"@type\":\"ReadAction\",\"target\":[\"https:\\\/\\\/www.dorif.it\\\/reperes\\\/presentation-de-la-revue\\\/\"]}]},{\"@type\":\"BreadcrumbList\",\"@id\":\"https:\\\/\\\/www.dorif.it\\\/reperes\\\/presentation-de-la-revue\\\/#breadcrumb\",\"itemListElement\":[{\"@type\":\"ListItem\",\"position\":1,\"name\":\"Home\",\"item\":\"https:\\\/\\\/www.dorif.it\\\/reperes\\\/\"},{\"@type\":\"ListItem\",\"position\":2,\"name\":\"Pr\u00e9sentation de la revue\"}]},{\"@type\":\"WebSite\",\"@id\":\"https:\\\/\\\/www.dorif.it\\\/reperes\\\/#website\",\"url\":\"https:\\\/\\\/www.dorif.it\\\/reperes\\\/\",\"name\":\"Rep\u00e8res-Dorif\",\"description\":\"Autor du Fran\u00e7ais: langues, cultures et plurilinguisme\",\"potentialAction\":[{\"@type\":\"SearchAction\",\"target\":{\"@type\":\"EntryPoint\",\"urlTemplate\":\"https:\\\/\\\/www.dorif.it\\\/reperes\\\/?s={search_term_string}\"},\"query-input\":{\"@type\":\"PropertyValueSpecification\",\"valueRequired\":true,\"valueName\":\"search_term_string\"}}],\"inLanguage\":\"it-IT\"}]}<\/script>\n<!-- \/ Yoast SEO plugin. -->","yoast_head_json":{"title":"Pr\u00e9sentation de la revue - Rep\u00e8res-Dorif","robots":{"index":"index","follow":"follow","max-snippet":"max-snippet:-1","max-image-preview":"max-image-preview:large","max-video-preview":"max-video-preview:-1"},"canonical":"https:\/\/www.dorif.it\/reperes\/presentation-de-la-revue\/","og_locale":"it_IT","og_type":"article","og_title":"Pr\u00e9sentation de la revue - Rep\u00e8res-Dorif","og_url":"https:\/\/www.dorif.it\/reperes\/presentation-de-la-revue\/","og_site_name":"Rep\u00e8res-Dorif","article_modified_time":"2026-03-16T16:04:21+00:00","twitter_card":"summary_large_image","twitter_misc":{"Tempo di lettura stimato":"8 minuti"},"schema":{"@context":"https:\/\/schema.org","@graph":[{"@type":"WebPage","@id":"https:\/\/www.dorif.it\/reperes\/presentation-de-la-revue\/","url":"https:\/\/www.dorif.it\/reperes\/presentation-de-la-revue\/","name":"Pr\u00e9sentation de la revue - Rep\u00e8res-Dorif","isPartOf":{"@id":"https:\/\/www.dorif.it\/reperes\/#website"},"datePublished":"2020-10-29T15:57:16+00:00","dateModified":"2026-03-16T16:04:21+00:00","breadcrumb":{"@id":"https:\/\/www.dorif.it\/reperes\/presentation-de-la-revue\/#breadcrumb"},"inLanguage":"it-IT","potentialAction":[{"@type":"ReadAction","target":["https:\/\/www.dorif.it\/reperes\/presentation-de-la-revue\/"]}]},{"@type":"BreadcrumbList","@id":"https:\/\/www.dorif.it\/reperes\/presentation-de-la-revue\/#breadcrumb","itemListElement":[{"@type":"ListItem","position":1,"name":"Home","item":"https:\/\/www.dorif.it\/reperes\/"},{"@type":"ListItem","position":2,"name":"Pr\u00e9sentation de la revue"}]},{"@type":"WebSite","@id":"https:\/\/www.dorif.it\/reperes\/#website","url":"https:\/\/www.dorif.it\/reperes\/","name":"Rep\u00e8res-Dorif","description":"Autor du Fran\u00e7ais: langues, cultures et plurilinguisme","potentialAction":[{"@type":"SearchAction","target":{"@type":"EntryPoint","urlTemplate":"https:\/\/www.dorif.it\/reperes\/?s={search_term_string}"},"query-input":{"@type":"PropertyValueSpecification","valueRequired":true,"valueName":"search_term_string"}}],"inLanguage":"it-IT"}]}},"_links":{"self":[{"href":"https:\/\/www.dorif.it\/reperes\/wp-json\/wp\/v2\/pages\/3381","targetHints":{"allow":["GET"]}}],"collection":[{"href":"https:\/\/www.dorif.it\/reperes\/wp-json\/wp\/v2\/pages"}],"about":[{"href":"https:\/\/www.dorif.it\/reperes\/wp-json\/wp\/v2\/types\/page"}],"author":[{"embeddable":true,"href":"https:\/\/www.dorif.it\/reperes\/wp-json\/wp\/v2\/users\/2"}],"replies":[{"embeddable":true,"href":"https:\/\/www.dorif.it\/reperes\/wp-json\/wp\/v2\/comments?post=3381"}],"version-history":[{"count":24,"href":"https:\/\/www.dorif.it\/reperes\/wp-json\/wp\/v2\/pages\/3381\/revisions"}],"predecessor-version":[{"id":13038,"href":"https:\/\/www.dorif.it\/reperes\/wp-json\/wp\/v2\/pages\/3381\/revisions\/13038"}],"wp:attachment":[{"href":"https:\/\/www.dorif.it\/reperes\/wp-json\/wp\/v2\/media?parent=3381"}],"curies":[{"name":"wp","href":"https:\/\/api.w.org\/{rel}","templated":true}]}}