{"id":3383,"date":"2020-10-29T16:57:47","date_gmt":"2020-10-29T15:57:47","guid":{"rendered":"https:\/\/www.dorif.it\/reperes\/?page_id=3383"},"modified":"2023-01-19T21:33:03","modified_gmt":"2023-01-19T20:33:03","slug":"comite-scientifique-et-comite-de-lecture","status":"publish","type":"page","link":"https:\/\/www.dorif.it\/reperes\/comite-scientifique-et-comite-de-lecture\/","title":{"rendered":"Comit\u00e9 scientifique et comit\u00e9 de lecture"},"content":{"rendered":"<div class=\"fusion-fullwidth fullwidth-box fusion-builder-row-1 fusion-flex-container nonhundred-percent-fullwidth non-hundred-percent-height-scrolling\" style=\"--awb-border-radius-top-left:0px;--awb-border-radius-top-right:0px;--awb-border-radius-bottom-right:0px;--awb-border-radius-bottom-left:0px;--awb-flex-wrap:wrap;\" ><div class=\"fusion-builder-row fusion-row fusion-flex-align-items-flex-start fusion-flex-content-wrap\" style=\"max-width:1216.8px;margin-left: calc(-4% \/ 2 );margin-right: calc(-4% \/ 2 );\"><div class=\"fusion-layout-column fusion_builder_column fusion-builder-column-0 fusion_builder_column_3_5 3_5 fusion-flex-column\" style=\"--awb-bg-size:cover;--awb-width-large:60%;--awb-margin-top-large:0px;--awb-spacing-right-large:3.2%;--awb-margin-bottom-large:20px;--awb-spacing-left-large:3.2%;--awb-width-medium:100%;--awb-order-medium:0;--awb-spacing-right-medium:1.92%;--awb-spacing-left-medium:1.92%;--awb-width-small:100%;--awb-order-small:0;--awb-spacing-right-small:1.92%;--awb-spacing-left-small:1.92%;\"><div class=\"fusion-column-wrapper fusion-column-has-shadow fusion-flex-justify-content-flex-start fusion-content-layout-column\"><div class=\"fusion-title title fusion-title-1 fusion-title-text fusion-title-size-four\" style=\"--awb-margin-bottom:0px;--awb-margin-top-small:0px;--awb-margin-right-small:0px;--awb-margin-bottom-small:20px;--awb-margin-left-small:0px;\"><div class=\"title-sep-container title-sep-container-left fusion-no-large-visibility fusion-no-medium-visibility fusion-no-small-visibility\"><div class=\"title-sep sep- sep-solid\" style=\"border-color:#e2e2e2;\"><\/div><\/div><span class=\"awb-title-spacer fusion-no-large-visibility fusion-no-medium-visibility fusion-no-small-visibility\"><\/span><h4 class=\"fusion-title-heading title-heading-left fusion-responsive-typography-calculated\" style=\"margin:0;--fontSize:15;--minFontSize:15;line-height:1.3;\"><h3 id=\"comit\u00e9-scientifique\"><span style=\"color: #4a7fc2;\">Comit\u00e9 scientifique<\/span><\/h3><\/h4><span class=\"awb-title-spacer\"><\/span><div class=\"title-sep-container title-sep-container-right\"><div class=\"title-sep sep- sep-solid\" style=\"border-color:#e2e2e2;\"><\/div><\/div><\/div><div class=\"fusion-builder-row fusion-builder-row-inner fusion-row fusion-flex-align-items-flex-start fusion-flex-content-wrap\" style=\"--awb-flex-grow:0;--awb-flex-grow-medium:0;--awb-flex-grow-small:0;--awb-flex-shrink:0;--awb-flex-shrink-medium:0;--awb-flex-shrink-small:0;width:104% !important;max-width:104% !important;margin-left: calc(-4% \/ 2 );margin-right: calc(-4% \/ 2 );\"><div class=\"fusion-layout-column fusion_builder_column_inner fusion-builder-nested-column-0 fusion_builder_column_inner_1_1 1_1 fusion-flex-column\" style=\"--awb-padding-right:20px;--awb-padding-left:20px;--awb-bg-size:cover;--awb-border-color:#dfedf4;--awb-border-left:4px;--awb-border-style:solid;--awb-width-large:100%;--awb-margin-top-large:0px;--awb-spacing-right-large:1.92%;--awb-margin-bottom-large:100px;--awb-spacing-left-large:1.92%;--awb-width-medium:100%;--awb-order-medium:0;--awb-spacing-right-medium:1.92%;--awb-spacing-left-medium:1.92%;--awb-width-small:100%;--awb-order-small:0;--awb-spacing-right-small:1.92%;--awb-spacing-left-small:1.92%;\"><div class=\"fusion-column-wrapper fusion-column-has-shadow fusion-flex-justify-content-flex-start fusion-content-layout-column\"><div class=\"fusion-text fusion-text-1\"><p>Zakaria ALI-BENCHERIF (Universit\u00e9 de Tlemcen)<\/p>\n<p>Mathilde ANQUETIL (Universit\u00e0 di Macerata)<\/p>\n<p>Marion BENDINELLI (Universit\u00e9 Franche-Comt\u00e9)<\/p>\n<p>Arnaud BERNADET (Universit\u00e9 McGill)<\/p>\n<p>Anne CONDAMINES (Universit\u00e9 de Toulouse)<\/p>\n<p>Sylvain DETEY (Waseda University)<\/p>\n<p>Anne DISTER (Universit\u00e9 Saint-Louis \u2013 Bruxelles)<\/p>\n<p>Patrick DROUIN (Universit\u00e9 de Montr\u00e9al)<\/p>\n<p>Karen FERREIRA-MEYERS (Universit\u00e9 d&#8217;Eswatini)<\/p>\n<p>Laurent GAJO (Universit\u00e9 de Gen\u00e8ve)<\/p>\n<p>Koia Jean-Martial KOUAME (Universit\u00e9 F\u00e9lix Houphou\u00ebt-Boigny)<\/p>\n<p>Charles LE BLANC (Universit\u00e9 d&#8217;Ottawa)<\/p>\n<p>Julien LONGHI (Universit\u00e9 de Cergy-Pontoise)<\/p>\n<p>Monserrat LOPEZ DIAZ (Universidade de Santiago de Compostela &#8211; USC)<\/p>\n<p>Ralph LUDWIG\u00a0 (Universit\u00e9 de Halle-Wittenberg)<\/p>\n<p>Enrica PICCARDO (University\u00a0 of Toronto)<\/p>\n<p>Sandrine REBOUL-TOUR\u00c9 (Universit\u00e9 Sorbonne Nouvelle)<\/p>\n<p>Wim REMYSEN (Universit\u00e9 de Sherbrook)<\/p>\n<p>Martin RUEFF (Universit\u00e9 de Gen\u00e8ve)<\/p>\n<p>Amadou SAIBOU ADAMOU (Universit\u00e9 Abdou Moumouni, Niamey)<\/p>\n<p>Pascal SOM\u00c9 (Universit\u00e9 de Paris-Diderot)<\/p>\n<p>Nadine VINCENT (Universit\u00e9 de Sherbrooke)<\/p>\n<h3 id=\"--coordinateurs-des-groupes-de\"><\/h3>\n<h3 id=\"coordinateurs-des-groupes-de-r\">Coordinateurs des groupes de recherche qui collaborent avec le Comit\u00e9 Scientifique<\/h3>\n<p>Giovanni AGRESTI (Universit\u00e9 de Bordeaux)<\/p>\n<p>Elisa BRICCO (Universit\u00e0 di Genova)<\/p>\n<p>Jean-Paul DUFIET (Universit\u00e0 di Trento)<\/p>\n<p>Caterina FALBO (Universit\u00e0 di Trieste)<\/p>\n<p>Yannick HAMON (Universit\u00e0 Ca\u2019 Foscari \u2013 Venezia)<\/p>\n<p>Antonio LAVIERI (Universit\u00e0 di Palermo)<\/p>\n<p>Chiara MOLINARI (Universit\u00e0 degli studi di Milano)<\/p>\n<p>Michela MURANO (Universit\u00e0 Cattolica del Sacro Cuore di Milano)<\/p>\n<p>Paola PAISSA (Universit\u00e0 di Torino)<\/p>\n<p>Chiara PREITE (Universit\u00e0 di Modena e Reggio Emilia)<\/p>\n<\/div><\/div><\/div><\/div><\/div><\/div><div class=\"fusion-layout-column fusion_builder_column fusion-builder-column-1 fusion_builder_column_1_1 1_1 fusion-flex-column\" style=\"--awb-bg-size:cover;--awb-width-large:100%;--awb-margin-top-large:0px;--awb-spacing-right-large:1.92%;--awb-margin-bottom-large:20px;--awb-spacing-left-large:1.92%;--awb-width-medium:100%;--awb-order-medium:0;--awb-spacing-right-medium:1.92%;--awb-spacing-left-medium:1.92%;--awb-width-small:100%;--awb-order-small:0;--awb-spacing-right-small:1.92%;--awb-spacing-left-small:1.92%;\"><div class=\"fusion-column-wrapper fusion-column-has-shadow fusion-flex-justify-content-flex-start fusion-content-layout-column\"><div class=\"fusion-text fusion-text-2\"><p>Le Comit\u00e9 scientifique est compos\u00e9 de chercheuses et chercheurs reconnu(e)s sur le plan national et international qui nous ont apport\u00e9 leur soutien.<\/p>\n<p>Il revient aux membres du Comit\u00e9 scientifique de se prononcer sur la publication des textes qui lui seront remis par le Comit\u00e9 de r\u00e9daction, sous anonymat. Le Comit\u00e9 scientifique pourra solliciter l\u2019avis de lecteurs sp\u00e9cialis\u00e9s dans les champs th\u00e9matiques de la revue, ou prendre en charge lui-m\u00eame la r\u00e9vision des articles \u00e0 publier.<\/p>\n<p>En fonction de l\u2019\u00e9valuation du Comit\u00e9 Scientifique, les auteurs peuvent \u00eatre sollicit\u00e9s pour effectuer certains changements dans leurs manuscrits. Les articles comportant ces changements doivent \u00eatre retourn\u00e9s \u00e0 la revue dans le d\u00e9lai pr\u00e9vu dans le calendrier.<\/p>\n<p>La revue \u00e9lectronique Rep\u00e8res-DORIF devient propri\u00e9taire des droits d\u2019auteur des articles retenus par le comit\u00e9 de r\u00e9daction. Aucun texte accept\u00e9 ne pourra faire l\u2019objet d\u2019une publication ult\u00e9rieure, sans accord pr\u00e9alable avec les responsables de la revue. Aucune r\u00e9mun\u00e9ration ne sera pay\u00e9e aux auteurs. En cas de non acceptation d\u2019article, la revue reconna\u00eet \u00e0 l\u2019auteur le droit de soumettre son texte \u00e0 une autre revue.<\/p>\n<p>La revue s\u2019engage \u00e0 ne pas r\u00e9v\u00e9ler les coordonn\u00e9es personnelles des auteurs \u00e0 d\u2019autres entit\u00e9s sans autorisation expresse.<\/p>\n<\/div><\/div><\/div><\/div><\/div>\n","protected":false},"excerpt":{"rendered":"","protected":false},"author":2,"featured_media":0,"parent":0,"menu_order":0,"comment_status":"closed","ping_status":"closed","template":"","meta":{"_acf_changed":false,"_bbp_topic_count":0,"_bbp_reply_count":0,"_bbp_total_topic_count":0,"_bbp_total_reply_count":0,"_bbp_voice_count":0,"_bbp_anonymous_reply_count":0,"_bbp_topic_count_hidden":0,"_bbp_reply_count_hidden":0,"_bbp_forum_subforum_count":0,"footnotes":""},"class_list":["post-3383","page","type-page","status-publish","hentry"],"acf":[],"yoast_head":"<!-- This site is optimized with the Yoast SEO plugin v27.3 - https:\/\/yoast.com\/product\/yoast-seo-wordpress\/ -->\n<title>Comit\u00e9 scientifique et comit\u00e9 de lecture - Rep\u00e8res-Dorif<\/title>\n<meta name=\"robots\" content=\"index, follow, max-snippet:-1, max-image-preview:large, max-video-preview:-1\" \/>\n<link rel=\"canonical\" href=\"https:\/\/www.dorif.it\/reperes\/comite-scientifique-et-comite-de-lecture\/\" \/>\n<meta property=\"og:locale\" content=\"it_IT\" \/>\n<meta property=\"og:type\" content=\"article\" \/>\n<meta property=\"og:title\" content=\"Comit\u00e9 scientifique et comit\u00e9 de lecture - Rep\u00e8res-Dorif\" \/>\n<meta property=\"og:url\" content=\"https:\/\/www.dorif.it\/reperes\/comite-scientifique-et-comite-de-lecture\/\" \/>\n<meta property=\"og:site_name\" content=\"Rep\u00e8res-Dorif\" \/>\n<meta property=\"article:modified_time\" content=\"2023-01-19T20:33:03+00:00\" \/>\n<meta name=\"twitter:card\" content=\"summary_large_image\" \/>\n<meta name=\"twitter:label1\" content=\"Tempo di lettura stimato\" \/>\n\t<meta name=\"twitter:data1\" content=\"5 minuti\" \/>\n<script type=\"application\/ld+json\" class=\"yoast-schema-graph\">{\"@context\":\"https:\\\/\\\/schema.org\",\"@graph\":[{\"@type\":\"WebPage\",\"@id\":\"https:\\\/\\\/www.dorif.it\\\/reperes\\\/comite-scientifique-et-comite-de-lecture\\\/\",\"url\":\"https:\\\/\\\/www.dorif.it\\\/reperes\\\/comite-scientifique-et-comite-de-lecture\\\/\",\"name\":\"Comit\u00e9 scientifique et comit\u00e9 de lecture - Rep\u00e8res-Dorif\",\"isPartOf\":{\"@id\":\"https:\\\/\\\/www.dorif.it\\\/reperes\\\/#website\"},\"datePublished\":\"2020-10-29T15:57:47+00:00\",\"dateModified\":\"2023-01-19T20:33:03+00:00\",\"breadcrumb\":{\"@id\":\"https:\\\/\\\/www.dorif.it\\\/reperes\\\/comite-scientifique-et-comite-de-lecture\\\/#breadcrumb\"},\"inLanguage\":\"it-IT\",\"potentialAction\":[{\"@type\":\"ReadAction\",\"target\":[\"https:\\\/\\\/www.dorif.it\\\/reperes\\\/comite-scientifique-et-comite-de-lecture\\\/\"]}]},{\"@type\":\"BreadcrumbList\",\"@id\":\"https:\\\/\\\/www.dorif.it\\\/reperes\\\/comite-scientifique-et-comite-de-lecture\\\/#breadcrumb\",\"itemListElement\":[{\"@type\":\"ListItem\",\"position\":1,\"name\":\"Home\",\"item\":\"https:\\\/\\\/www.dorif.it\\\/reperes\\\/\"},{\"@type\":\"ListItem\",\"position\":2,\"name\":\"Comit\u00e9 scientifique et comit\u00e9 de lecture\"}]},{\"@type\":\"WebSite\",\"@id\":\"https:\\\/\\\/www.dorif.it\\\/reperes\\\/#website\",\"url\":\"https:\\\/\\\/www.dorif.it\\\/reperes\\\/\",\"name\":\"Rep\u00e8res-Dorif\",\"description\":\"Autor du Fran\u00e7ais: langues, cultures et plurilinguisme\",\"potentialAction\":[{\"@type\":\"SearchAction\",\"target\":{\"@type\":\"EntryPoint\",\"urlTemplate\":\"https:\\\/\\\/www.dorif.it\\\/reperes\\\/?s={search_term_string}\"},\"query-input\":{\"@type\":\"PropertyValueSpecification\",\"valueRequired\":true,\"valueName\":\"search_term_string\"}}],\"inLanguage\":\"it-IT\"}]}<\/script>\n<!-- \/ Yoast SEO plugin. -->","yoast_head_json":{"title":"Comit\u00e9 scientifique et comit\u00e9 de lecture - Rep\u00e8res-Dorif","robots":{"index":"index","follow":"follow","max-snippet":"max-snippet:-1","max-image-preview":"max-image-preview:large","max-video-preview":"max-video-preview:-1"},"canonical":"https:\/\/www.dorif.it\/reperes\/comite-scientifique-et-comite-de-lecture\/","og_locale":"it_IT","og_type":"article","og_title":"Comit\u00e9 scientifique et comit\u00e9 de lecture - Rep\u00e8res-Dorif","og_url":"https:\/\/www.dorif.it\/reperes\/comite-scientifique-et-comite-de-lecture\/","og_site_name":"Rep\u00e8res-Dorif","article_modified_time":"2023-01-19T20:33:03+00:00","twitter_card":"summary_large_image","twitter_misc":{"Tempo di lettura stimato":"5 minuti"},"schema":{"@context":"https:\/\/schema.org","@graph":[{"@type":"WebPage","@id":"https:\/\/www.dorif.it\/reperes\/comite-scientifique-et-comite-de-lecture\/","url":"https:\/\/www.dorif.it\/reperes\/comite-scientifique-et-comite-de-lecture\/","name":"Comit\u00e9 scientifique et comit\u00e9 de lecture - Rep\u00e8res-Dorif","isPartOf":{"@id":"https:\/\/www.dorif.it\/reperes\/#website"},"datePublished":"2020-10-29T15:57:47+00:00","dateModified":"2023-01-19T20:33:03+00:00","breadcrumb":{"@id":"https:\/\/www.dorif.it\/reperes\/comite-scientifique-et-comite-de-lecture\/#breadcrumb"},"inLanguage":"it-IT","potentialAction":[{"@type":"ReadAction","target":["https:\/\/www.dorif.it\/reperes\/comite-scientifique-et-comite-de-lecture\/"]}]},{"@type":"BreadcrumbList","@id":"https:\/\/www.dorif.it\/reperes\/comite-scientifique-et-comite-de-lecture\/#breadcrumb","itemListElement":[{"@type":"ListItem","position":1,"name":"Home","item":"https:\/\/www.dorif.it\/reperes\/"},{"@type":"ListItem","position":2,"name":"Comit\u00e9 scientifique et comit\u00e9 de lecture"}]},{"@type":"WebSite","@id":"https:\/\/www.dorif.it\/reperes\/#website","url":"https:\/\/www.dorif.it\/reperes\/","name":"Rep\u00e8res-Dorif","description":"Autor du Fran\u00e7ais: langues, cultures et plurilinguisme","potentialAction":[{"@type":"SearchAction","target":{"@type":"EntryPoint","urlTemplate":"https:\/\/www.dorif.it\/reperes\/?s={search_term_string}"},"query-input":{"@type":"PropertyValueSpecification","valueRequired":true,"valueName":"search_term_string"}}],"inLanguage":"it-IT"}]}},"_links":{"self":[{"href":"https:\/\/www.dorif.it\/reperes\/wp-json\/wp\/v2\/pages\/3383","targetHints":{"allow":["GET"]}}],"collection":[{"href":"https:\/\/www.dorif.it\/reperes\/wp-json\/wp\/v2\/pages"}],"about":[{"href":"https:\/\/www.dorif.it\/reperes\/wp-json\/wp\/v2\/types\/page"}],"author":[{"embeddable":true,"href":"https:\/\/www.dorif.it\/reperes\/wp-json\/wp\/v2\/users\/2"}],"replies":[{"embeddable":true,"href":"https:\/\/www.dorif.it\/reperes\/wp-json\/wp\/v2\/comments?post=3383"}],"version-history":[{"count":22,"href":"https:\/\/www.dorif.it\/reperes\/wp-json\/wp\/v2\/pages\/3383\/revisions"}],"predecessor-version":[{"id":9845,"href":"https:\/\/www.dorif.it\/reperes\/wp-json\/wp\/v2\/pages\/3383\/revisions\/9845"}],"wp:attachment":[{"href":"https:\/\/www.dorif.it\/reperes\/wp-json\/wp\/v2\/media?parent=3383"}],"curies":[{"name":"wp","href":"https:\/\/api.w.org\/{rel}","templated":true}]}}